{"id":20,"date":"2024-05-08T08:10:50","date_gmt":"2024-05-08T08:10:50","guid":{"rendered":"https:\/\/turismesuria.cat\/?page_id=20"},"modified":"2025-07-27T10:13:03","modified_gmt":"2025-07-27T10:13:03","slug":"el-nuevo-umoma-abre-sus-puertas-2","status":"publish","type":"page","link":"https:\/\/turismesuria.cat\/","title":{"rendered":"Benvinguts a S\u00daRIA"},"content":{"rendered":"\n<figure class=\"wp-block-image alignwide size-full is-style-default\"><img loading=\"lazy\" decoding=\"async\" width=\"2560\" height=\"1810\" src=\"https:\/\/turismesuria.cat\/wp-content\/uploads\/2025\/07\/el-Poble-Vell-tespera-1-1-scaled.png\" alt=\"Dues noies davant del Portal de Cardona , un arc de pedra emblem\u00e0tic del Poble Vell.\" class=\"wp-image-640\" srcset=\"https:\/\/turismesuria.cat\/wp-content\/uploads\/2025\/07\/el-Poble-Vell-tespera-1-1-scaled.png 2560w, https:\/\/turismesuria.cat\/wp-content\/uploads\/2025\/07\/el-Poble-Vell-tespera-1-1-300x212.png 300w, https:\/\/turismesuria.cat\/wp-content\/uploads\/2025\/07\/el-Poble-Vell-tespera-1-1-1024x724.png 1024w, https:\/\/turismesuria.cat\/wp-content\/uploads\/2025\/07\/el-Poble-Vell-tespera-1-1-768x543.png 768w, https:\/\/turismesuria.cat\/wp-content\/uploads\/2025\/07\/el-Poble-Vell-tespera-1-1-1536x1086.png 1536w, https:\/\/turismesuria.cat\/wp-content\/uploads\/2025\/07\/el-Poble-Vell-tespera-1-1-2048x1448.png 2048w, https:\/\/turismesuria.cat\/wp-content\/uploads\/2025\/07\/el-Poble-Vell-tespera-1-1-18x12.png 18w, https:\/\/turismesuria.cat\/wp-content\/uploads\/2025\/07\/el-Poble-Vell-tespera-1-1-1200x849.png 1200w, https:\/\/turismesuria.cat\/wp-content\/uploads\/2025\/07\/el-Poble-Vell-tespera-1-1-1980x1400.png 1980w\" sizes=\"auto, (max-width: 2560px) 100vw, 2560px\" \/><\/figure>\n\n\n\n<p class=\"has-text-align-center has-background-color has-secondary-background-color has-text-color has-background has-link-color has-normal-font-size wp-elements-fc00ce558e263b4dae523420cfcf6c0d\"><strong>Benvingudes i benvinguts a S\u00faria!<\/strong>  <\/p>\n\n\n\n<p class=\"has-text-align-center has-secondary-color has-text-color has-link-color has-normal-font-size wp-elements-121c3f350ff3c044ec9385d0424a9c1b\">Endinsa\u2019t en els carrers empedrats d\u2019aquesta joia medieval al cor del Bages, ben a prop de Cardona. A la vora del riu Cardener, la vila de S\u00faria conserva el seu passat medieval en cada rac\u00f3. <\/p>\n\n\n\n<p class=\"has-text-align-center has-secondary-color has-text-color has-link-color has-normal-font-size wp-elements-4d213a562a588de16663e5e0c5d32a8e\">Apropa\u2019t a aquest paratge \u00fanic: descobreix el Castell Medieval amb la seva antiga torre de vigil\u00e0ncia i altres tresors del Poble Vell, que et transportaran a una \u00e8poca plena d\u2019hist\u00f2ria i curiositats. <\/p>\n\n\n\n<p class=\"has-text-align-center has-secondary-color has-text-color has-link-color has-large-font-size wp-elements-fefd31bf212b28d02e2836fc5e216db6\"><strong>Vols descobrir-ho? T\u2019acompanyem!<\/strong><\/p>\n\n\n\n<div class=\"wp-block-columns alignwide is-layout-flex wp-container-core-columns-is-layout-9d6595d7 wp-block-columns-is-layout-flex\">\n<div class=\"wp-block-column is-layout-flow wp-block-column-is-layout-flow\">\n<div class=\"wp-block-group\"><div class=\"wp-block-group__inner-container is-layout-flow wp-block-group-is-layout-flow\">\n<h5 class=\"wp-block-heading has-text-align-center has-secondary-color has-text-color has-link-color wp-elements-9f1f72bd4e1723ae155b980b19596d43\">S\u00daRIA<\/h5>\n\n\n\n<figure class=\"wp-block-image alignfull size-full\"><img loading=\"lazy\" decoding=\"async\" width=\"2560\" height=\"1703\" src=\"https:\/\/turismesuria.cat\/wp-content\/uploads\/2025\/07\/IG_Autor-Carles-Fortuny-\u00a9Bages-Turisme-_-Consell-Comarcal-del-Bages-scaled.jpg\" alt=\"Vista panor\u00e0mica del nucli antic de S\u00faria, amb un conjunt de cases de pedra i el campanar de l'esgl\u00e9sia del Roser.\" class=\"wp-image-642\" title=\"S\u00faria\" srcset=\"https:\/\/turismesuria.cat\/wp-content\/uploads\/2025\/07\/IG_Autor-Carles-Fortuny-\u00a9Bages-Turisme-_-Consell-Comarcal-del-Bages-scaled.jpg 2560w, https:\/\/turismesuria.cat\/wp-content\/uploads\/2025\/07\/IG_Autor-Carles-Fortuny-\u00a9Bages-Turisme-_-Consell-Comarcal-del-Bages-300x200.jpg 300w, https:\/\/turismesuria.cat\/wp-content\/uploads\/2025\/07\/IG_Autor-Carles-Fortuny-\u00a9Bages-Turisme-_-Consell-Comarcal-del-Bages-1024x681.jpg 1024w, https:\/\/turismesuria.cat\/wp-content\/uploads\/2025\/07\/IG_Autor-Carles-Fortuny-\u00a9Bages-Turisme-_-Consell-Comarcal-del-Bages-768x511.jpg 768w, https:\/\/turismesuria.cat\/wp-content\/uploads\/2025\/07\/IG_Autor-Carles-Fortuny-\u00a9Bages-Turisme-_-Consell-Comarcal-del-Bages-1536x1022.jpg 1536w, https:\/\/turismesuria.cat\/wp-content\/uploads\/2025\/07\/IG_Autor-Carles-Fortuny-\u00a9Bages-Turisme-_-Consell-Comarcal-del-Bages-2048x1363.jpg 2048w, https:\/\/turismesuria.cat\/wp-content\/uploads\/2025\/07\/IG_Autor-Carles-Fortuny-\u00a9Bages-Turisme-_-Consell-Comarcal-del-Bages-18x12.jpg 18w, https:\/\/turismesuria.cat\/wp-content\/uploads\/2025\/07\/IG_Autor-Carles-Fortuny-\u00a9Bages-Turisme-_-Consell-Comarcal-del-Bages-1200x798.jpg 1200w, https:\/\/turismesuria.cat\/wp-content\/uploads\/2025\/07\/IG_Autor-Carles-Fortuny-\u00a9Bages-Turisme-_-Consell-Comarcal-del-Bages-1980x1318.jpg 1980w\" sizes=\"auto, (max-width: 2560px) 100vw, 2560px\" \/><\/figure>\n\n\n\n<div class=\"wp-block-button is-style-fill\"><a class=\"wp-block-button__link has-secondary-background-color has-background has-text-align-center wp-element-button\" href=\"https:\/\/turismesuria.cat\/index.php\/fitxa-de-suria\/\">LLEGIR + <\/a><\/div>\n<\/div><\/div>\n\n\n\n<div class=\"wp-block-group\"><div class=\"wp-block-group__inner-container is-layout-flow wp-block-group-is-layout-flow\">\n<h5 class=\"wp-block-heading has-text-align-center has-secondary-color has-text-color has-link-color wp-elements-5bc22ab55819827bd1e1cffa5c9e1cc6\">AGENDA<\/h5>\n\n\n\n<figure class=\"wp-block-image alignfull size-full\"><img loading=\"lazy\" decoding=\"async\" width=\"2560\" height=\"1703\" src=\"https:\/\/turismesuria.cat\/wp-content\/uploads\/2025\/07\/FMS_MB_33_DSC_8127-scaled.jpg\" alt=\"Fira Medieval del Poble Vell, uns m\u00fasics d'estil medieval toquen al carrer Major envoltats de visitants.\" class=\"wp-image-643\" title=\"S\u00faria\" srcset=\"https:\/\/turismesuria.cat\/wp-content\/uploads\/2025\/07\/FMS_MB_33_DSC_8127-scaled.jpg 2560w, https:\/\/turismesuria.cat\/wp-content\/uploads\/2025\/07\/FMS_MB_33_DSC_8127-300x200.jpg 300w, https:\/\/turismesuria.cat\/wp-content\/uploads\/2025\/07\/FMS_MB_33_DSC_8127-1024x681.jpg 1024w, https:\/\/turismesuria.cat\/wp-content\/uploads\/2025\/07\/FMS_MB_33_DSC_8127-768x511.jpg 768w, https:\/\/turismesuria.cat\/wp-content\/uploads\/2025\/07\/FMS_MB_33_DSC_8127-1536x1022.jpg 1536w, https:\/\/turismesuria.cat\/wp-content\/uploads\/2025\/07\/FMS_MB_33_DSC_8127-2048x1362.jpg 2048w, https:\/\/turismesuria.cat\/wp-content\/uploads\/2025\/07\/FMS_MB_33_DSC_8127-18x12.jpg 18w, https:\/\/turismesuria.cat\/wp-content\/uploads\/2025\/07\/FMS_MB_33_DSC_8127-1200x798.jpg 1200w, https:\/\/turismesuria.cat\/wp-content\/uploads\/2025\/07\/FMS_MB_33_DSC_8127-1980x1317.jpg 1980w\" sizes=\"auto, (max-width: 2560px) 100vw, 2560px\" \/><\/figure>\n\n\n\n<div class=\"wp-block-button is-style-fill\"><a class=\"wp-block-button__link has-secondary-background-color has-background has-text-align-center wp-element-button\" href=\"https:\/\/turismesuria.cat\/index.php\/agenda\/\">LLEGIR + <\/a><\/div>\n<\/div><\/div>\n<\/div>\n\n\n\n<div class=\"wp-block-column is-layout-flow wp-block-column-is-layout-flow\">\n<div class=\"wp-block-group\"><div class=\"wp-block-group__inner-container is-layout-flow wp-block-group-is-layout-flow\">\n<h5 class=\"wp-block-heading has-text-align-center has-secondary-color has-text-color has-link-color wp-elements-ccfad205a8d1eeb988a782edde909c25\">ACTIVITATS<\/h5>\n\n\n\n<figure class=\"wp-block-image alignfull size-full\"><img loading=\"lazy\" decoding=\"async\" width=\"2560\" height=\"1703\" src=\"https:\/\/turismesuria.cat\/wp-content\/uploads\/2025\/07\/suria-057-1-scaled.jpg\" alt=\"L'Era del Castell acull un grup de visitants acompanyats per la guia tur\u00edstica; de fons, es veu el Castell, amb la seva fa\u00e7ana de pedra i les seves finestres estretes.\" class=\"wp-image-641\" srcset=\"https:\/\/turismesuria.cat\/wp-content\/uploads\/2025\/07\/suria-057-1-scaled.jpg 2560w, https:\/\/turismesuria.cat\/wp-content\/uploads\/2025\/07\/suria-057-1-300x200.jpg 300w, https:\/\/turismesuria.cat\/wp-content\/uploads\/2025\/07\/suria-057-1-1024x681.jpg 1024w, https:\/\/turismesuria.cat\/wp-content\/uploads\/2025\/07\/suria-057-1-768x511.jpg 768w, https:\/\/turismesuria.cat\/wp-content\/uploads\/2025\/07\/suria-057-1-1536x1022.jpg 1536w, https:\/\/turismesuria.cat\/wp-content\/uploads\/2025\/07\/suria-057-1-2048x1363.jpg 2048w, https:\/\/turismesuria.cat\/wp-content\/uploads\/2025\/07\/suria-057-1-18x12.jpg 18w, https:\/\/turismesuria.cat\/wp-content\/uploads\/2025\/07\/suria-057-1-1200x798.jpg 1200w, https:\/\/turismesuria.cat\/wp-content\/uploads\/2025\/07\/suria-057-1-1980x1317.jpg 1980w\" sizes=\"auto, (max-width: 2560px) 100vw, 2560px\" \/><\/figure>\n\n\n\n<div class=\"wp-block-button is-style-fill\"><a class=\"wp-block-button__link has-secondary-background-color has-background has-text-align-center wp-element-button\" href=\"https:\/\/turismesuria.cat\/index.php\/visites-i-activitats\/\">LLEGIR + <\/a><\/div>\n<\/div><\/div>\n\n\n\n<div class=\"wp-block-group\"><div class=\"wp-block-group__inner-container is-layout-flow wp-block-group-is-layout-flow\">\n<h5 class=\"wp-block-heading has-text-align-center has-secondary-color has-text-color has-link-color wp-elements-6bad590ac8958a670c1d5d32ac87bec2\">CONTACTE<\/h5>\n\n\n<div class=\"wp-block-image\">\n<figure class=\"aligncenter size-large is-resized\"><img loading=\"lazy\" decoding=\"async\" width=\"1024\" height=\"774\" src=\"https:\/\/turismesuria.cat\/wp-content\/uploads\/2025\/07\/OT-1024x774.png\" alt=\"L'Oficina de Turisme situada a Cal Balaguer del Porxo un edifici de pedra amb encant hist\u00f2ric.\" class=\"wp-image-696\" style=\"aspect-ratio:3\/2;object-fit:cover;width:600px\" title=\"S\u00faria\" srcset=\"https:\/\/turismesuria.cat\/wp-content\/uploads\/2025\/07\/OT-1024x774.png 1024w, https:\/\/turismesuria.cat\/wp-content\/uploads\/2025\/07\/OT-300x227.png 300w, https:\/\/turismesuria.cat\/wp-content\/uploads\/2025\/07\/OT-768x581.png 768w, https:\/\/turismesuria.cat\/wp-content\/uploads\/2025\/07\/OT-1536x1162.png 1536w, https:\/\/turismesuria.cat\/wp-content\/uploads\/2025\/07\/OT-2048x1549.png 2048w, https:\/\/turismesuria.cat\/wp-content\/uploads\/2025\/07\/OT-16x12.png 16w, https:\/\/turismesuria.cat\/wp-content\/uploads\/2025\/07\/OT-1200x908.png 1200w, https:\/\/turismesuria.cat\/wp-content\/uploads\/2025\/07\/OT-1980x1497.png 1980w\" sizes=\"auto, (max-width: 1024px) 100vw, 1024px\" \/><\/figure>\n<\/div>\n\n\n<div class=\"wp-block-button is-style-fill\"><a class=\"wp-block-button__link has-secondary-background-color has-background has-text-align-center wp-element-button\" href=\"https:\/\/turismesuria.cat\/index.php\/contacte\/\">LLEGIR +<\/a><\/div>\n<\/div><\/div>\n<\/div>\n<\/div>\n","protected":false},"excerpt":{"rendered":"<p>Benvingudes i benvinguts a S\u00faria! Endinsa\u2019t en els carrers empedrats d\u2019aquesta joia medieval al cor del Bages, ben a prop de Cardona. A la vora del riu Cardener, la vila de S\u00faria conserva el seu passat medieval en cada rac\u00f3. Apropa\u2019t a aquest paratge \u00fanic: descobreix el Castell Medieval amb la seva antiga torre de [&hellip;]<\/p>\n","protected":false},"author":1,"featured_media":19,"parent":0,"menu_order":0,"comment_status":"closed","ping_status":"closed","template":"","meta":{"footnotes":""},"class_list":["post-20","page","type-page","status-publish","has-post-thumbnail","hentry"],"_links":{"self":[{"href":"https:\/\/turismesuria.cat\/index.php\/wp-json\/wp\/v2\/pages\/20","targetHints":{"allow":["GET"]}}],"collection":[{"href":"https:\/\/turismesuria.cat\/index.php\/wp-json\/wp\/v2\/pages"}],"about":[{"href":"https:\/\/turismesuria.cat\/index.php\/wp-json\/wp\/v2\/types\/page"}],"author":[{"embeddable":true,"href":"https:\/\/turismesuria.cat\/index.php\/wp-json\/wp\/v2\/users\/1"}],"replies":[{"embeddable":true,"href":"https:\/\/turismesuria.cat\/index.php\/wp-json\/wp\/v2\/comments?post=20"}],"version-history":[{"count":37,"href":"https:\/\/turismesuria.cat\/index.php\/wp-json\/wp\/v2\/pages\/20\/revisions"}],"predecessor-version":[{"id":755,"href":"https:\/\/turismesuria.cat\/index.php\/wp-json\/wp\/v2\/pages\/20\/revisions\/755"}],"wp:featuredmedia":[{"embeddable":true,"href":"https:\/\/turismesuria.cat\/index.php\/wp-json\/wp\/v2\/media\/19"}],"wp:attachment":[{"href":"https:\/\/turismesuria.cat\/index.php\/wp-json\/wp\/v2\/media?parent=20"}],"curies":[{"name":"wp","href":"https:\/\/api.w.org\/{rel}","templated":true}]}}