{"id":266,"date":"2024-06-19T13:23:54","date_gmt":"2024-06-19T13:23:54","guid":{"rendered":"https:\/\/turismesuria.cat\/index.php\/benvinguts-a-suria-espanol\/"},"modified":"2025-08-24T08:35:56","modified_gmt":"2025-08-24T08:35:56","slug":"benvinguts-a-suria-espanol","status":"publish","type":"page","link":"https:\/\/turismesuria.cat\/index.php\/benvinguts-a-suria-espanol\/","title":{"rendered":"Benvinguts a S\u00daRIA &#8211; Espa\u00f1ol"},"content":{"rendered":"\n<figure class=\"wp-block-image size-large\"><img loading=\"lazy\" decoding=\"async\" width=\"1024\" height=\"724\" src=\"https:\/\/turismesuria.cat\/wp-content\/uploads\/2025\/08\/el-Poble-Vell-tespera-1-1-scaled-1-1024x724.png\" alt=\"\" class=\"wp-image-757\" srcset=\"https:\/\/turismesuria.cat\/wp-content\/uploads\/2025\/08\/el-Poble-Vell-tespera-1-1-scaled-1-1024x724.png 1024w, https:\/\/turismesuria.cat\/wp-content\/uploads\/2025\/08\/el-Poble-Vell-tespera-1-1-scaled-1-300x212.png 300w, https:\/\/turismesuria.cat\/wp-content\/uploads\/2025\/08\/el-Poble-Vell-tespera-1-1-scaled-1-768x543.png 768w, https:\/\/turismesuria.cat\/wp-content\/uploads\/2025\/08\/el-Poble-Vell-tespera-1-1-scaled-1-1536x1086.png 1536w, https:\/\/turismesuria.cat\/wp-content\/uploads\/2025\/08\/el-Poble-Vell-tespera-1-1-scaled-1-2048x1448.png 2048w, https:\/\/turismesuria.cat\/wp-content\/uploads\/2025\/08\/el-Poble-Vell-tespera-1-1-scaled-1-18x12.png 18w, https:\/\/turismesuria.cat\/wp-content\/uploads\/2025\/08\/el-Poble-Vell-tespera-1-1-scaled-1-1200x848.png 1200w, https:\/\/turismesuria.cat\/wp-content\/uploads\/2025\/08\/el-Poble-Vell-tespera-1-1-scaled-1-1980x1400.png 1980w\" sizes=\"auto, (max-width: 1024px) 100vw, 1024px\" \/><\/figure>\n\n\n\n<p><\/p>\n\n\n\n<p class=\"has-text-align-center\">Ad\u00e9ntrate en las calles empedradas de esta joya medieval en el coraz\u00f3n del Bages, muy cerca de Cardona: la villa de S\u00faria, situada a orillas del r\u00edo Cardener, donde su pasado medieval est\u00e1 presente en cada rinc\u00f3n.<\/p>\n\n\n\n<p class=\"has-text-align-center\">Ac\u00e9rcate a este paraje, descubre su Castillo Medieval, con su antigua torre de guardia, y otros tesoros del Poble Vell, que te transportar\u00e1n a una \u00e9poca pasada llena de historia y curiosidades.<\/p>\n\n\n\n<p class=\"has-text-align-center\"><strong>\u00bfNos adentramos?<\/strong><\/p>\n\n\n<h4>S\u00daRIA<\/h4>\n\n\n<p class=\"has-text-align-left\"><\/p>\n\n\n\n<div class=\"wp-block-buttons is-layout-flex wp-block-buttons-is-layout-flex\">\n<div class=\"wp-block-button\"><a class=\"wp-block-button__link wp-element-button\">LEER +<\/a><\/div>\n<\/div>\n\n\n\n<p><\/p>\n","protected":false},"excerpt":{"rendered":"<p>Ad\u00e9ntrate en las calles empedradas de esta joya medieval en el coraz\u00f3n del Bages, muy cerca de Cardona: la villa de S\u00faria, situada a orillas del r\u00edo Cardener, donde su pasado medieval est\u00e1 presente en cada rinc\u00f3n. Ac\u00e9rcate a este paraje, descubre su Castillo Medieval, con su antigua torre de guardia, y otros tesoros del [&hellip;]<\/p>\n","protected":false},"author":1,"featured_media":0,"parent":0,"menu_order":0,"comment_status":"closed","ping_status":"closed","template":"","meta":{"footnotes":""},"class_list":["post-266","page","type-page","status-publish","hentry"],"_links":{"self":[{"href":"https:\/\/turismesuria.cat\/index.php\/wp-json\/wp\/v2\/pages\/266","targetHints":{"allow":["GET"]}}],"collection":[{"href":"https:\/\/turismesuria.cat\/index.php\/wp-json\/wp\/v2\/pages"}],"about":[{"href":"https:\/\/turismesuria.cat\/index.php\/wp-json\/wp\/v2\/types\/page"}],"author":[{"embeddable":true,"href":"https:\/\/turismesuria.cat\/index.php\/wp-json\/wp\/v2\/users\/1"}],"replies":[{"embeddable":true,"href":"https:\/\/turismesuria.cat\/index.php\/wp-json\/wp\/v2\/comments?post=266"}],"version-history":[{"count":2,"href":"https:\/\/turismesuria.cat\/index.php\/wp-json\/wp\/v2\/pages\/266\/revisions"}],"predecessor-version":[{"id":763,"href":"https:\/\/turismesuria.cat\/index.php\/wp-json\/wp\/v2\/pages\/266\/revisions\/763"}],"wp:attachment":[{"href":"https:\/\/turismesuria.cat\/index.php\/wp-json\/wp\/v2\/media?parent=266"}],"curies":[{"name":"wp","href":"https:\/\/api.w.org\/{rel}","templated":true}]}}