{"id":3,"date":"2024-04-18T13:25:24","date_gmt":"2024-04-18T13:25:24","guid":{"rendered":"http:\/\/turismesuria.cat\/?page_id=3"},"modified":"2024-05-31T07:03:42","modified_gmt":"2024-05-31T07:03:42","slug":"politica-privacidad","status":"publish","type":"page","link":"https:\/\/turismesuria.cat\/index.php\/politica-privacidad\/","title":{"rendered":"Pol\u00edtica de privacidad"},"content":{"rendered":"\n<p class=\"has-secondary-color has-text-color has-link-color wp-elements-c122051abc68f4384fa84b0b678982cc\"><strong>AV\u00cdS LEGAL<\/strong><\/p>\n\n\n\n<p class=\"has-secondary-color has-text-color has-link-color wp-elements-70ac7efa3a2210a4389ae0ef81861e2f\">L&#8217;Ajuntament de S\u00faria mant\u00e9 aquest portal web amb l&#8217;objectiu de facilitar l&#8217;acc\u00e9s a informaci\u00f3 institucional actualitzada i exacta. Tractarem de corregir els errors que se&#8217;ns assenyali amb la m\u00e0xima celeritat possible. No obstant l&#8217;Ajuntament de S\u00faria no pot garantir la inexist\u00e8ncia d\u2019errors ni que el contingut de la informaci\u00f3 es trobi permanentment actualitzat.<\/p>\n\n\n\n<p class=\"has-secondary-color has-text-color has-link-color wp-elements-ac86bc90d5f12287e92fe16262e16781\">En conformitat a l\u2019establert a la&nbsp;<em>Llei org\u00e0nica 15\/1999, de 13 de desembre, de protecci\u00f3 dades de car\u00e0cter personal<\/em>, la&nbsp;<em>Llei 34\/2002, d&#8217;11 de juliol, de serveis de la societat de la informaci\u00f3 i de comer\u00e7 electr\u00f2nic<\/em>&nbsp;i la&nbsp;<em>Llei 37\/2007, de 16 de novembre, sobre reutilitzaci\u00f3 de la informa<\/em><em>ci\u00f3 del sector p\u00fablic<\/em>, s\u2019informa del seg\u00fcent:<\/p>\n\n\n\n<p class=\"has-secondary-color has-text-color has-link-color wp-elements-731f45207919d4bcc381dcc466d35c20\">&#8211;&nbsp;<a href=\"https:\/\/www.suria.cat\/altres-continguts\/avis-legal#titular\">Titularitat de la p\u00e0gina web<\/a><\/p>\n\n\n\n<p class=\"has-secondary-color has-text-color has-link-color wp-elements-6467894f9ff6de6e70557a796cf32ada\">&#8211;&nbsp;<a href=\"https:\/\/www.suria.cat\/altres-continguts\/avis-legal#continguts\">Reproducci\u00f3 de continguts propis<\/a><\/p>\n\n\n\n<p class=\"has-secondary-color has-text-color has-link-color wp-elements-47238e0d41d40ef634c21f6a5f678e88\">&#8211;&nbsp;<a href=\"https:\/\/www.suria.cat\/altres-continguts\/avis-legal#links\">Refer\u00e8ncies i enlla\u00e7os a webs d\u2019altres organitzacions<\/a><\/p>\n\n\n\n<p class=\"has-secondary-color has-text-color has-link-color wp-elements-a02d992f8f01944088b5378345fd6e23\">&#8211;&nbsp;<a href=\"https:\/\/www.suria.cat\/altres-continguts\/avis-legal#cookies\">Advertiment sobre la utilitzaci\u00f3 de galetes (cookies)<\/a><\/p>\n\n\n\n<hr class=\"wp-block-separator has-alpha-channel-opacity\"\/>\n\n\n\n<p class=\"has-secondary-color has-text-color has-link-color wp-elements-cb324cd0957143b0c4d942c5aea31897\"><strong>TITULARITAT DE LA P\u00c0GINA WEB<\/strong><\/p>\n\n\n\n<p class=\"has-secondary-color has-text-color has-link-color wp-elements-c10e52c64e54958bb8990b66266fc5e0\">&#8211; Domini: www.turismesuria.cat<\/p>\n\n\n\n<p class=\"has-secondary-color has-text-color has-link-color wp-elements-e5284b4df9e7e0ce6df7e6d2256994c1\">&#8211; Titular: Ajuntament de S\u00faria<\/p>\n\n\n\n<p class=\"has-secondary-color has-text-color has-link-color wp-elements-5b7ac9375d68fe5e8a8aa82f6a8a3aa8\">&#8211; Adre\u00e7a: Carrer d&#8217;Ernest Solvay, 13 08260 | Ajuntament de S\u00faria<\/p>\n\n\n\n<p class=\"has-secondary-color has-text-color has-link-color wp-elements-6c1acead1061ff169450e62e499e5e0f\">&#8211; Tel\u00e8fon: 93 868 28 00<\/p>\n\n\n\n<p class=\"has-secondary-color has-text-color has-link-color wp-elements-18077869843586d96aed1d9389fcda38\">&#8211; Adre\u00e7a electr\u00f2nica:&nbsp;info@turismesuria.cat<\/p>\n\n\n\n<p class=\"has-secondary-color has-text-color has-link-color wp-elements-1a44955319cc6e9fd47d209a59932e69\">&#8211; C.I.F.: P0827400C<\/p>\n\n\n\n<p class=\"has-secondary-color has-text-color has-link-color wp-elements-96d7045804cf89ceec247772d3e524e9\">&#8211; Dades registrals: Registre d\u2019ens locals de la Generalitat de Catalunya<\/p>\n\n\n\n<hr class=\"wp-block-separator has-alpha-channel-opacity\"\/>\n\n\n\n<p class=\"has-secondary-color has-text-color has-link-color wp-elements-b681681a9ff12800116a26077d0dcb90\"><strong>REPRODUCCI\u00d3 DE CONTINGUTS PROPIS<\/strong><\/p>\n\n\n\n<p class=\"has-secondary-color has-text-color has-link-color wp-elements-cea1306e2f0be5b804ba416092a2f35a\">La&nbsp;<a href=\"http:\/\/www.boe.es\/boe_catalan\/dias\/2007\/11\/30\/pdfs\/A04905-04909.pdf\" target=\"_blank\" rel=\"noreferrer noopener\">Llei 37\/2007, de 16 de novembre, sobre reutilitzaci\u00f3 de la informaci\u00f3 del sector p\u00fablic<\/a>, que transposa la&nbsp;<a href=\"http:\/\/eur-lex.europa.eu\/LexUriServ\/LexUriServ.do?uri=CELEX:32003L0098:ES:HTML\" target=\"_blank\" rel=\"noreferrer noopener\">Directiva 2003\/98\/CE del Parlament Europeu i del Consell<\/a>, regula la reutilitzaci\u00f3 de la informaci\u00f3 p\u00fablica de qu\u00e8 disposen les administracions i organismes en qu\u00e8 participen majorit\u00e0riament, \u00e9s a dir, el dret de tots els agents potencials del mercat a la reutilitzaci\u00f3 de la informaci\u00f3 de les inst\u00e0ncies p\u00fabliques. D&#8217;acord amb aquesta normativa, l&#8217;Administraci\u00f3 permet la reproducci\u00f3, la distribuci\u00f3 i la comunicaci\u00f3 p\u00fablica de l&#8217;obra i, a m\u00e9s, la transformaci\u00f3 de l&#8217;obra per fer-ne obres derivades, sempre que no es contradigui amb la llic\u00e8ncia o av\u00eds que pugui tenir una obra i que \u00e9s la que preval.<\/p>\n\n\n\n<p class=\"has-secondary-color has-text-color has-link-color wp-elements-acd29810cff2e99f030e82b9277dc75f\">Per reutilitzar la informaci\u00f3, cal seguir les condicions seg\u00fcents:<\/p>\n\n\n\n<p class=\"has-secondary-color has-text-color has-link-color wp-elements-7fa819ab92e3f381c50f775ef88f51d1\">\u2022 a) No desnaturalitzar el sentit de la informaci\u00f3.<\/p>\n\n\n\n<p class=\"has-secondary-color has-text-color has-link-color wp-elements-c09d424baa93dba1ab9da6a0eb986447\">\u2022 b) Citar sempre la font de la informaci\u00f3.<\/p>\n\n\n\n<p class=\"has-secondary-color has-text-color has-link-color wp-elements-b6d7734e5dd1fe2eb07190c434e6d47b\">\u2022 c) Mencionar la data de l&#8217;\u00faltima actualitzaci\u00f3 de la informaci\u00f3.<\/p>\n\n\n\n<p class=\"has-secondary-color has-text-color has-link-color wp-elements-d670aafa66ce22c6fcd648c4f3062cd5\">Aix\u00ed mateix, la reutilitzaci\u00f3 es pot limitar per la tutela d&#8217;altres b\u00e9ns jur\u00eddics prioritaris, com ara la protecci\u00f3 de les dades personals, la intimitat o els drets de protecci\u00f3 intel\u2022lectual de tercers. La reutilitzaci\u00f3 d&#8217;obres protegides per la propietat intel\u2022lectual es pot formalitzar mitjan\u00e7ant l&#8217;\u00fas de llic\u00e8ncies de difusi\u00f3 oberta, com les de&nbsp;<a href=\"http:\/\/cat.creativecommons.org\/llicencia\/\" target=\"_blank\" rel=\"noreferrer noopener\">Creative Commons<\/a>, que cedeixen determinats drets d&#8217;explotaci\u00f3 de les obres. En els continguts on s&#8217;apliqui aquest tipus de llic\u00e8ncies, es permet la reutilitzaci\u00f3 en les condicions que s&#8217;hi estableixin.<\/p>\n\n\n\n<p class=\"has-secondary-color has-text-color has-link-color wp-elements-096a6ba4eed80ac336d2d674776ef857\">No s&#8217;autoritza en cap cas l&#8217;\u00fas de logotips, marques, escuts i s\u00edmbols distintius de l&#8217;Ajuntament de S\u00faria&nbsp;en publicacions i webs que no siguin participats o patrocinats per aquesta instituci\u00f3. Aquests elements d&#8217;identitat gr\u00e0fica corporativa s\u00f3n propietat exclusiva de l&#8217;Ajuntament de S\u00faria&nbsp;i estan protegits per la legislaci\u00f3 vigent aplicable.<\/p>\n\n\n\n<hr class=\"wp-block-separator has-alpha-channel-opacity\"\/>\n\n\n\n<p class=\"has-secondary-color has-text-color has-link-color wp-elements-cbc6e457b82f033ee1b1e7edd18add6d\"><strong>REFER\u00c8NCIES I ENLLA\u00c7OS A WEBS D&#8217;ALTRES ORGANITZACIONS<\/strong><\/p>\n\n\n\n<p class=\"has-secondary-color has-text-color has-link-color wp-elements-06960ccd610368ad99443f7b19ff86df\">Algunes p\u00e0gines d&#8217;aquesta web contenen refer\u00e8ncies o enlla\u00e7os a webs d&#8217;altres organitzacions. La pres\u00e8ncia d&#8217;aquests enlla\u00e7os t\u00e9 una finalitat informativa, no constituint en cap cas una invitaci\u00f3 a la contractaci\u00f3 de productes o serveis que s&#8217;ofereixin en la p\u00e0gina web de dest\u00ed. L&#8217;Ajuntament de S\u00faria no es responsabilitza ni de l&#8217;exactitud ni de l&#8217;actualitzaci\u00f3 d&#8217;aquestes webs externes.<\/p>\n\n\n\n<hr class=\"wp-block-separator has-alpha-channel-opacity\"\/>\n\n\n\n<p class=\"has-secondary-color has-text-color has-link-color wp-elements-cc1ea67b6dcb5529c7875216a65aec0c\"><strong>ADVERTIMENT SOBRE LA UTILITZACI\u00d3 DE GALETES (COOKIES)<\/strong><\/p>\n\n\n\n<p class=\"has-secondary-color has-text-color has-link-color wp-elements-407da786889f4b3a64576c7bfd88ae4a\">Una galeta \u00e9s un petit arxiu de dades que alguns llocs web escriuen en la seva unitat de disc quan es visita. Un arxiu galeta pot contenir informaci\u00f3 com la identificaci\u00f3 d&#8217;usuari i el lloc web ho utilitza per a rastrejar les p\u00e0gines que vost\u00e8 a visitat. L&#8217;\u00fanica informaci\u00f3 personal que una cookie pot contenir, \u00e9s la informaci\u00f3 que vost\u00e8 mateix li proporciona.<\/p>\n\n\n\n<p class=\"has-secondary-color has-text-color has-link-color wp-elements-bbfd78bb71ba3bb14235f848462e0642\">Una cookie no pot llegir dades de la seva unitat de disc, ni pot ser executada com un codi ni contenir virus.<\/p>\n\n\n\n<p class=\"has-secondary-color has-text-color has-link-color wp-elements-79acf8072767b4499f04b91e6d3dba8c\">Advertim que aquesta p\u00e0gina pot utilitzar galetes. L&#8217;usuari t\u00e9 l&#8217;opci\u00f3 d&#8217;impedir la generaci\u00f3 de cookies, mitjan\u00e7ant la selecci\u00f3 de la corresponent opci\u00f3 en el seu programa de navegaci\u00f3.<\/p>\n","protected":false},"excerpt":{"rendered":"<p>AV\u00cdS LEGAL L&#8217;Ajuntament de S\u00faria mant\u00e9 aquest portal web amb l&#8217;objectiu de facilitar l&#8217;acc\u00e9s a informaci\u00f3 institucional actualitzada i exacta. Tractarem de corregir els errors que se&#8217;ns assenyali amb la m\u00e0xima celeritat possible. No obstant l&#8217;Ajuntament de S\u00faria no pot garantir la inexist\u00e8ncia d\u2019errors ni que el contingut de la informaci\u00f3 es trobi permanentment actualitzat. [&hellip;]<\/p>\n","protected":false},"author":1,"featured_media":0,"parent":0,"menu_order":0,"comment_status":"closed","ping_status":"open","template":"","meta":{"footnotes":""},"class_list":["post-3","page","type-page","status-publish","hentry"],"_links":{"self":[{"href":"https:\/\/turismesuria.cat\/index.php\/wp-json\/wp\/v2\/pages\/3","targetHints":{"allow":["GET"]}}],"collection":[{"href":"https:\/\/turismesuria.cat\/index.php\/wp-json\/wp\/v2\/pages"}],"about":[{"href":"https:\/\/turismesuria.cat\/index.php\/wp-json\/wp\/v2\/types\/page"}],"author":[{"embeddable":true,"href":"https:\/\/turismesuria.cat\/index.php\/wp-json\/wp\/v2\/users\/1"}],"replies":[{"embeddable":true,"href":"https:\/\/turismesuria.cat\/index.php\/wp-json\/wp\/v2\/comments?post=3"}],"version-history":[{"count":4,"href":"https:\/\/turismesuria.cat\/index.php\/wp-json\/wp\/v2\/pages\/3\/revisions"}],"predecessor-version":[{"id":183,"href":"https:\/\/turismesuria.cat\/index.php\/wp-json\/wp\/v2\/pages\/3\/revisions\/183"}],"wp:attachment":[{"href":"https:\/\/turismesuria.cat\/index.php\/wp-json\/wp\/v2\/media?parent=3"}],"curies":[{"name":"wp","href":"https:\/\/api.w.org\/{rel}","templated":true}]}}