{"id":349,"date":"2024-09-16T09:49:24","date_gmt":"2024-09-16T09:49:24","guid":{"rendered":"https:\/\/turismesuria.cat\/?page_id=349"},"modified":"2025-11-24T11:24:25","modified_gmt":"2025-11-24T11:24:25","slug":"on-menjar","status":"publish","type":"page","link":"https:\/\/turismesuria.cat\/index.php\/on-menjar\/","title":{"rendered":"ON MENJAR?"},"content":{"rendered":"\n<p><\/p>\n\n\n\n<h6 class=\"wp-block-heading has-text-align-center has-background-color has-secondary-background-color has-text-color has-background has-link-color wp-elements-6413424648163cb8a8436a8d7a77dc29\">Gastronomia a S\u00faria<\/h6>\n\n\n\n<p class=\"has-secondary-color has-text-color has-link-color wp-elements-07400d98ca263ea37672c8c758ca50b0\"><strong>Gastronomia a S\u00faria: sabors aut\u00e8ntics del Bages<\/strong><\/p>\n\n\n\n<p class=\"has-secondary-color has-text-color has-link-color wp-elements-099829e7c7b513ca0da22e91e5978503\">La gastronomia de S\u00faria reflecteix la riquesa del territori, amb plats que combinen tradici\u00f3 i productes locals. Des de les carns a la brasa fins als postres casolans, els restaurants de S\u00faria ofereixen una experi\u00e8ncia culin\u00e0ria aut\u00e8ntica.<\/p>\n\n\n\n<p class=\"has-secondary-color has-text-color has-link-color wp-elements-e4ea2fd0a7d8aee2d068d3a8f0235c0a\">Vine a degustar la cuina del Bages, en un entorn acollidor i ple d\u2019hist\u00f2ria. Els sabors de S\u00faria no nom\u00e9s satisfaran el teu paladar, sin\u00f3 que et connectaran amb l\u2019ess\u00e8ncia d\u2019aquesta terra.<\/p>\n\n\n<div class=\"wp-block-image\">\n<figure class=\"aligncenter size-full is-resized\"><img loading=\"lazy\" decoding=\"async\" width=\"2560\" height=\"1707\" src=\"https:\/\/turismesuria.cat\/wp-content\/uploads\/2024\/09\/spoon-fork-plate-scaled.jpg\" alt=\"Un plat amb dos coberts per acompanyar la secci\u00f3 de gastronomia a S\u00faria.\" class=\"wp-image-500\" style=\"object-fit:cover;width:508px;height:auto\" srcset=\"https:\/\/turismesuria.cat\/wp-content\/uploads\/2024\/09\/spoon-fork-plate-scaled.jpg 2560w, https:\/\/turismesuria.cat\/wp-content\/uploads\/2024\/09\/spoon-fork-plate-300x200.jpg 300w, https:\/\/turismesuria.cat\/wp-content\/uploads\/2024\/09\/spoon-fork-plate-1024x683.jpg 1024w, https:\/\/turismesuria.cat\/wp-content\/uploads\/2024\/09\/spoon-fork-plate-768x512.jpg 768w, https:\/\/turismesuria.cat\/wp-content\/uploads\/2024\/09\/spoon-fork-plate-1536x1024.jpg 1536w, https:\/\/turismesuria.cat\/wp-content\/uploads\/2024\/09\/spoon-fork-plate-2048x1365.jpg 2048w, https:\/\/turismesuria.cat\/wp-content\/uploads\/2024\/09\/spoon-fork-plate-18x12.jpg 18w, https:\/\/turismesuria.cat\/wp-content\/uploads\/2024\/09\/spoon-fork-plate-1200x800.jpg 1200w, https:\/\/turismesuria.cat\/wp-content\/uploads\/2024\/09\/spoon-fork-plate-1980x1320.jpg 1980w\" sizes=\"auto, (max-width: 2560px) 100vw, 2560px\" \/><\/figure>\n<\/div>\n\n\n<p class=\"has-secondary-color has-text-color has-link-color wp-elements-5cebdd158fbfcfc0221e5b3b567a6693\">Si est\u00e0s buscant on gaudir d&#8217;un bon \u00e0pat o fer una pausa en el teu recorregut per S\u00faria, et convidem a consultar el seg\u00fcent document on trobar\u00e0s informaci\u00f3 actualitzada sobre les cafeteries i restaurants del municipi. En aquest enlla\u00e7, podr\u00e0s descobrir una selecci\u00f3 d&#8217;establiments locals per satisfer tots els gustos i prefer\u00e8ncies culin\u00e0ries.<\/p>\n\n\n\n<div class=\"wp-block-buttons is-content-justification-center is-layout-flex wp-container-core-buttons-is-layout-16018d1d wp-block-buttons-is-layout-flex\">\n<div class=\"wp-block-button\"><a class=\"wp-block-button__link has-secondary-background-color has-background has-text-align-center wp-element-button\" href=\"https:\/\/drive.google.com\/file\/d\/1IEZYyrRases6sGrR77hmTWmztqTX0sri\/view?usp=sharing\">cafeteries i restaurants<\/a><\/div>\n<\/div>\n\n\n\n<p class=\"has-secondary-color has-text-color has-link-color wp-elements-9ab710cf8c468622e0769e4dc7d6d8ac\"><\/p>\n","protected":false},"excerpt":{"rendered":"<p>Gastronomia a S\u00faria Gastronomia a S\u00faria: sabors aut\u00e8ntics del Bages La gastronomia de S\u00faria reflecteix la riquesa del territori, amb plats que combinen tradici\u00f3 i productes locals. Des de les carns a la brasa fins als postres casolans, els restaurants de S\u00faria ofereixen una experi\u00e8ncia culin\u00e0ria aut\u00e8ntica. Vine a degustar la cuina del Bages, en [&hellip;]<\/p>\n","protected":false},"author":1,"featured_media":0,"parent":0,"menu_order":0,"comment_status":"closed","ping_status":"closed","template":"","meta":{"footnotes":""},"class_list":["post-349","page","type-page","status-publish","hentry"],"_links":{"self":[{"href":"https:\/\/turismesuria.cat\/index.php\/wp-json\/wp\/v2\/pages\/349","targetHints":{"allow":["GET"]}}],"collection":[{"href":"https:\/\/turismesuria.cat\/index.php\/wp-json\/wp\/v2\/pages"}],"about":[{"href":"https:\/\/turismesuria.cat\/index.php\/wp-json\/wp\/v2\/types\/page"}],"author":[{"embeddable":true,"href":"https:\/\/turismesuria.cat\/index.php\/wp-json\/wp\/v2\/users\/1"}],"replies":[{"embeddable":true,"href":"https:\/\/turismesuria.cat\/index.php\/wp-json\/wp\/v2\/comments?post=349"}],"version-history":[{"count":11,"href":"https:\/\/turismesuria.cat\/index.php\/wp-json\/wp\/v2\/pages\/349\/revisions"}],"predecessor-version":[{"id":850,"href":"https:\/\/turismesuria.cat\/index.php\/wp-json\/wp\/v2\/pages\/349\/revisions\/850"}],"wp:attachment":[{"href":"https:\/\/turismesuria.cat\/index.php\/wp-json\/wp\/v2\/media?parent=349"}],"curies":[{"name":"wp","href":"https:\/\/api.w.org\/{rel}","templated":true}]}}