{"id":353,"date":"2024-09-16T09:50:56","date_gmt":"2024-09-16T09:50:56","guid":{"rendered":"https:\/\/turismesuria.cat\/?page_id=353"},"modified":"2025-08-17T08:42:19","modified_gmt":"2025-08-17T08:42:19","slug":"on-dormir-2","status":"publish","type":"page","link":"https:\/\/turismesuria.cat\/index.php\/on-dormir-2\/","title":{"rendered":"ON DORMIR?"},"content":{"rendered":"\n<p><\/p>\n\n\n\n<h6 class=\"wp-block-heading has-text-align-center has-background-color has-secondary-background-color has-text-color has-background has-link-color wp-elements-4f812974fc6e02f898163c699b7bb707\">Allotjament a S\u00faria<\/h6>\n\n\n\n<p class=\"has-secondary-color has-text-color has-link-color wp-elements-cce92a974f754887eda7130419711de9\"><strong>Allotjament a S\u00faria: descansa en un entorn id\u00edl\u00b7lic<\/strong><\/p>\n\n\n\n<p class=\"has-secondary-color has-text-color has-link-color wp-elements-d635d7cf4a3aac327caeaa3e6dcc32e2\">Si est\u00e0s buscant un lloc per descansar i recarregar energies, S\u00faria t\u2019ofereix una \u00e0mplia varietat d\u2019allotjaments amb encant. Des de cases rurals fins a un acollidor hostal, aqu\u00ed trobar\u00e0s el lloc perfecte per a cada necessitat.<\/p>\n\n\n\n<p class=\"has-secondary-color has-text-color has-link-color wp-elements-bdad0c9b5834af34060fe15affcbc9ac\">A m\u00e9s, la proximitat als principals punts d&#8217;inter\u00e8s tur\u00edstic fa que sigui f\u00e0cil descobrir tot el que S\u00faria t\u00e9 per oferir. Reserva ara el teu allotjament i prepara\u2019t per una experi\u00e8ncia inoblidable.<\/p>\n\n\n<div class=\"wp-block-image\">\n<figure class=\"aligncenter size-large is-resized\"><img loading=\"lazy\" decoding=\"async\" width=\"1024\" height=\"768\" src=\"https:\/\/turismesuria.cat\/wp-content\/uploads\/2024\/09\/Allotjament-confortable-en-una-casa-rural-de-Suria-1024x768.jpg\" alt=\"Allotjament confortable en un hostal rural de S\u00faria.\" class=\"wp-image-354\" style=\"width:473px;height:auto\" srcset=\"https:\/\/turismesuria.cat\/wp-content\/uploads\/2024\/09\/Allotjament-confortable-en-una-casa-rural-de-Suria-1024x768.jpg 1024w, https:\/\/turismesuria.cat\/wp-content\/uploads\/2024\/09\/Allotjament-confortable-en-una-casa-rural-de-Suria-300x225.jpg 300w, https:\/\/turismesuria.cat\/wp-content\/uploads\/2024\/09\/Allotjament-confortable-en-una-casa-rural-de-Suria-768x576.jpg 768w, https:\/\/turismesuria.cat\/wp-content\/uploads\/2024\/09\/Allotjament-confortable-en-una-casa-rural-de-Suria-16x12.jpg 16w, https:\/\/turismesuria.cat\/wp-content\/uploads\/2024\/09\/Allotjament-confortable-en-una-casa-rural-de-Suria.jpg 1200w\" sizes=\"auto, (max-width: 1024px) 100vw, 1024px\" \/><figcaption class=\"wp-element-caption\"><em><sub>Habitaci\u00f3 del Hostal Somnis i Arrels, de S\u00faria<\/sub><\/em><\/figcaption><\/figure>\n<\/div>","protected":false},"excerpt":{"rendered":"<p>Allotjament a S\u00faria Allotjament a S\u00faria: descansa en un entorn id\u00edl\u00b7lic Si est\u00e0s buscant un lloc per descansar i recarregar energies, S\u00faria t\u2019ofereix una \u00e0mplia varietat d\u2019allotjaments amb encant. Des de cases rurals fins a un acollidor hostal, aqu\u00ed trobar\u00e0s el lloc perfecte per a cada necessitat. A m\u00e9s, la proximitat als principals punts d&#8217;inter\u00e8s [&hellip;]<\/p>\n","protected":false},"author":1,"featured_media":0,"parent":0,"menu_order":0,"comment_status":"closed","ping_status":"closed","template":"","meta":{"footnotes":""},"class_list":["post-353","page","type-page","status-publish","hentry"],"_links":{"self":[{"href":"https:\/\/turismesuria.cat\/index.php\/wp-json\/wp\/v2\/pages\/353","targetHints":{"allow":["GET"]}}],"collection":[{"href":"https:\/\/turismesuria.cat\/index.php\/wp-json\/wp\/v2\/pages"}],"about":[{"href":"https:\/\/turismesuria.cat\/index.php\/wp-json\/wp\/v2\/types\/page"}],"author":[{"embeddable":true,"href":"https:\/\/turismesuria.cat\/index.php\/wp-json\/wp\/v2\/users\/1"}],"replies":[{"embeddable":true,"href":"https:\/\/turismesuria.cat\/index.php\/wp-json\/wp\/v2\/comments?post=353"}],"version-history":[{"count":7,"href":"https:\/\/turismesuria.cat\/index.php\/wp-json\/wp\/v2\/pages\/353\/revisions"}],"predecessor-version":[{"id":753,"href":"https:\/\/turismesuria.cat\/index.php\/wp-json\/wp\/v2\/pages\/353\/revisions\/753"}],"wp:attachment":[{"href":"https:\/\/turismesuria.cat\/index.php\/wp-json\/wp\/v2\/media?parent=353"}],"curies":[{"name":"wp","href":"https:\/\/api.w.org\/{rel}","templated":true}]}}