{"id":370,"date":"2024-09-16T10:00:02","date_gmt":"2024-09-16T10:00:02","guid":{"rendered":"https:\/\/turismesuria.cat\/?page_id=370"},"modified":"2024-11-04T10:12:15","modified_gmt":"2024-11-04T10:12:15","slug":"com-arribar","status":"publish","type":"page","link":"https:\/\/turismesuria.cat\/index.php\/com-arribar\/","title":{"rendered":"COM ARRIBAR?"},"content":{"rendered":"\n<p><\/p>\n\n\n\n<h6 class=\"wp-block-heading has-text-align-center has-background-color has-secondary-background-color has-text-color has-background has-link-color wp-elements-8edd3388fa0001f188707ff86b682bbe\">COM ARRIBAR?<\/h6>\n\n\n\n<p class=\"has-secondary-color has-text-color has-link-color wp-elements-76aeb9f00b7f34e94b0928246fba97d8\">T&#8217;expliquem com arribar a S\u00faria de manera f\u00e0cil i c\u00f2moda. Troba tota la informaci\u00f3 necess\u00e0ria per arribar fins al nostre nucli antic.<\/p>\n\n\n\n<p class=\"has-secondary-color has-text-color has-link-color wp-elements-cb47c60ca149206ab2503fdc8cc78f00\">La nostra <strong>Oficina de Turisme<\/strong> es troba a l&#8217;edifici hist\u00f2ric de <strong>Cal Balaguer del Porxo.<\/strong> Aquesta \u00e9s la seu i el punt de trobada d&#8217;activitats i visites guiades. La situaci\u00f3 \u00e9s al Carrer Sant Climent, 21, de S\u00faria.<\/p>\n\n\n\n<p class=\"has-secondary-color has-text-color has-link-color wp-elements-f5cd90944b03a008ee1870f240d6a4b2\">L&#8217;edifici es troba en una zona peatonal i per aix\u00f2 us recomanem l&#8217;estacionament en els p\u00e0rquins habilitats propers.<\/p>\n\n\n\n<p class=\"has-secondary-color has-text-color has-link-color wp-elements-b90a15b11513ba64be71ac42f1e86911\">Per a <strong>turismes<\/strong> podeu usar el p\u00e0rquing habilitat dels Gal\u00e0pets (<a href=\"https:\/\/maps.app.goo.gl\/Hd3akFHeXAwM8obE9\">https:\/\/maps.app.goo.gl\/Hd3akFHeXAwM8obE9<\/a>) i arribar caminant fins a l&#8217;Oficina de Turisme, que es troba a uns 300 metres.<\/p>\n\n\n\n<iframe src=\"https:\/\/www.google.com\/maps\/embed?pb=!1m14!1m8!1m3!1d2972.6293125480865!2d1.7490509!3d41.8362796!3m2!1i1024!2i768!4f13.1!3m3!1m2!1s0x12a453d8a3d26fc7%3A0xd9c2e823ce315e19!2sAparcament!5e0!3m2!1ses!2ses!4v1726491476287!5m2!1ses!2ses\" width=\"600\" height=\"200\" style=\"border:0;\" allowfullscreen=\"\" loading=\"lazy\" referrerpolicy=\"no-referrer-when-downgrade\"><\/iframe>\n\n\n\n<p class=\"has-secondary-color has-text-color has-link-color wp-elements-f560e34a4cce1d47878dbb1ec4ac3cc7\">Per a <strong>autobusos o autocaravanes<\/strong>, recomanem l&#8217;aparcament del Cementiri Municipal (<a href=\"https:\/\/maps.app.goo.gl\/ah2zjYnXzWWiLMu79\">https:\/\/maps.app.goo.gl\/ah2zjYnXzWWiLMu79<\/a>) i arribar caminant fins a l&#8217;Oficina de Turisme, que es troba a uns 400 metres. En el cas d&#8217;autobusos \u00e9s important no accedir a la zona per l&#8217;interior del municipi, ja que els carrers son estrets i de dif\u00edcil acc\u00e9s. Per arribar amb autobusos caldr\u00e0 fer-ho des de l&#8217;acc\u00e9s per la Carretera de Castelladral.<\/p>\n\n\n\n<iframe src=\"https:\/\/www.google.com\/maps\/embed?pb=!1m14!1m8!1m3!1d1486.3146562740433!2d1.7503384!3d41.8362796!3m2!1i1024!2i768!4f13.1!3m3!1m2!1s0x12a453004054705f%3A0x487313c9ce8621cf!2sAparcament%20Cementiri%20Municipal!5e0!3m2!1ses!2ses!4v1726491554542!5m2!1ses!2ses\" width=\"600\" height=\"200\" style=\"border:0;\" allowfullscreen=\"\" loading=\"lazy\" referrerpolicy=\"no-referrer-when-downgrade\"><\/iframe>\n\n\n\n<p><\/p>\n","protected":false},"excerpt":{"rendered":"<p>COM ARRIBAR? T&#8217;expliquem com arribar a S\u00faria de manera f\u00e0cil i c\u00f2moda. Troba tota la informaci\u00f3 necess\u00e0ria per arribar fins al nostre nucli antic. La nostra Oficina de Turisme es troba a l&#8217;edifici hist\u00f2ric de Cal Balaguer del Porxo. Aquesta \u00e9s la seu i el punt de trobada d&#8217;activitats i visites guiades. La situaci\u00f3 \u00e9s [&hellip;]<\/p>\n","protected":false},"author":1,"featured_media":0,"parent":0,"menu_order":0,"comment_status":"closed","ping_status":"closed","template":"","meta":{"footnotes":""},"class_list":["post-370","page","type-page","status-publish","hentry"],"_links":{"self":[{"href":"https:\/\/turismesuria.cat\/index.php\/wp-json\/wp\/v2\/pages\/370","targetHints":{"allow":["GET"]}}],"collection":[{"href":"https:\/\/turismesuria.cat\/index.php\/wp-json\/wp\/v2\/pages"}],"about":[{"href":"https:\/\/turismesuria.cat\/index.php\/wp-json\/wp\/v2\/types\/page"}],"author":[{"embeddable":true,"href":"https:\/\/turismesuria.cat\/index.php\/wp-json\/wp\/v2\/users\/1"}],"replies":[{"embeddable":true,"href":"https:\/\/turismesuria.cat\/index.php\/wp-json\/wp\/v2\/comments?post=370"}],"version-history":[{"count":8,"href":"https:\/\/turismesuria.cat\/index.php\/wp-json\/wp\/v2\/pages\/370\/revisions"}],"predecessor-version":[{"id":542,"href":"https:\/\/turismesuria.cat\/index.php\/wp-json\/wp\/v2\/pages\/370\/revisions\/542"}],"wp:attachment":[{"href":"https:\/\/turismesuria.cat\/index.php\/wp-json\/wp\/v2\/media?parent=370"}],"curies":[{"name":"wp","href":"https:\/\/api.w.org\/{rel}","templated":true}]}}